{"id":249,"date":"2024-02-04T10:32:42","date_gmt":"2024-02-04T10:32:42","guid":{"rendered":"https:\/\/ironofficiel.com\/?page_id=249"},"modified":"2025-01-06T20:57:01","modified_gmt":"2025-01-06T20:57:01","slug":"gpdr","status":"publish","type":"page","link":"https:\/\/ironofficiel.com\/?page_id=249","title":{"rendered":"GPDR"},"content":{"rendered":"\t\t<div data-elementor-type=\"wp-page\" data-elementor-id=\"249\" class=\"elementor elementor-249\">\n\t\t\t\t<div class=\"elementor-element elementor-element-5716a86 e-con-full e-flex e-con e-parent\" data-id=\"5716a86\" data-element_type=\"container\" data-settings=\"{&quot;background_background&quot;:&quot;classic&quot;,&quot;ekit_has_onepagescroll_dot&quot;:&quot;yes&quot;}\">\n\t\t<div class=\"elementor-element elementor-element-9c8e0e9 e-con-full e-flex e-con e-child\" data-id=\"9c8e0e9\" data-element_type=\"container\" data-settings=\"{&quot;ekit_has_onepagescroll_dot&quot;:&quot;yes&quot;}\">\n\t\t\t\t<div class=\"elementor-element elementor-element-4aa37f0 elementor-widget elementor-widget-image\" data-id=\"4aa37f0\" data-element_type=\"widget\" data-settings=\"{&quot;ekit_we_effect_on&quot;:&quot;none&quot;}\" data-widget_type=\"image.default\">\n\t\t\t\t<div class=\"elementor-widget-container\">\n\t\t\t\t\t\t\t\t\t\t\t\t\t\t\t\t<a href=\"https:\/\/ironofficiel.com\/\">\n\t\t\t\t\t\t\t<img fetchpriority=\"high\" decoding=\"async\" width=\"800\" height=\"800\" src=\"https:\/\/ironofficiel.com\/wp-content\/uploads\/2024\/02\/logo-atlas-iptv-1024x1024.png\" class=\"attachment-large size-large wp-image-135\" alt=\"\" srcset=\"https:\/\/ironofficiel.com\/wp-content\/uploads\/2024\/02\/logo-atlas-iptv-1024x1024.png 1024w, https:\/\/ironofficiel.com\/wp-content\/uploads\/2024\/02\/logo-atlas-iptv-300x300.png 300w, https:\/\/ironofficiel.com\/wp-content\/uploads\/2024\/02\/logo-atlas-iptv-150x150.png 150w, https:\/\/ironofficiel.com\/wp-content\/uploads\/2024\/02\/logo-atlas-iptv-768x768.png 768w, https:\/\/ironofficiel.com\/wp-content\/uploads\/2024\/02\/logo-atlas-iptv.png 1080w\" sizes=\"(max-width: 800px) 100vw, 800px\" \/>\t\t\t\t\t\t\t\t<\/a>\n\t\t\t\t\t\t\t\t\t\t\t\t\t\t\t<\/div>\n\t\t\t\t<\/div>\n\t\t\t\t<\/div>\n\t\t<div class=\"elementor-element elementor-element-141be58 e-con-full e-flex e-con e-child\" data-id=\"141be58\" data-element_type=\"container\" data-settings=\"{&quot;ekit_has_onepagescroll_dot&quot;:&quot;yes&quot;}\">\n\t\t\t\t<div class=\"elementor-element elementor-element-84d33db elementor-widget elementor-widget-ekit-nav-menu\" data-id=\"84d33db\" data-element_type=\"widget\" data-settings=\"{&quot;ekit_we_effect_on&quot;:&quot;none&quot;}\" data-widget_type=\"ekit-nav-menu.default\">\n\t\t\t\t<div class=\"elementor-widget-container\">\n\t\t\t\t\t\t\t<nav class=\"ekit-wid-con ekit_menu_responsive_tablet\" \n\t\t\tdata-hamburger-icon=\"\" \n\t\t\tdata-hamburger-icon-type=\"icon\" \n\t\t\tdata-responsive-breakpoint=\"1024\">\n\t\t\t            <button class=\"elementskit-menu-hamburger elementskit-menu-toggler\"  type=\"button\" aria-label=\"hamburger-icon\">\n                                    <span class=\"elementskit-menu-hamburger-icon\"><\/span><span class=\"elementskit-menu-hamburger-icon\"><\/span><span class=\"elementskit-menu-hamburger-icon\"><\/span>\n                            <\/button>\n            <div id=\"ekit-megamenu-m\" class=\"elementskit-menu-container elementskit-menu-offcanvas-elements elementskit-navbar-nav-default ekit-nav-menu-one-page-no ekit-nav-dropdown-hover\"><ul id=\"menu-m\" class=\"elementskit-navbar-nav elementskit-menu-po-left submenu-click-on-icon\"><li id=\"menu-item-137\" class=\"menu-item menu-item-type-custom menu-item-object-custom menu-item-home menu-item-137 nav-item elementskit-mobile-builder-content\" data-vertical-menu=750px><a href=\"https:\/\/ironofficiel.com\/\" class=\"ekit-menu-nav-link\">Home<\/a><\/li>\n<li id=\"menu-item-138\" class=\"menu-item menu-item-type-custom menu-item-object-custom menu-item-138 nav-item elementskit-mobile-builder-content\" data-vertical-menu=750px><a href=\"#IRON\" class=\"ekit-menu-nav-link\">IRON TV PRO<\/a><\/li>\n<li id=\"menu-item-139\" class=\"menu-item menu-item-type-custom menu-item-object-custom menu-item-139 nav-item elementskit-mobile-builder-content\" data-vertical-menu=750px><a href=\"#Tutorial\" class=\"ekit-menu-nav-link\">Tutorial<\/a><\/li>\n<li id=\"menu-item-140\" class=\"menu-item menu-item-type-custom menu-item-object-custom menu-item-140 nav-item elementskit-mobile-builder-content\" data-vertical-menu=750px><a href=\"#FAQ\" class=\"ekit-menu-nav-link\">FAQ<\/a><\/li>\n<li id=\"menu-item-141\" class=\"menu-item menu-item-type-custom menu-item-object-custom menu-item-141 nav-item elementskit-mobile-builder-content\" data-vertical-menu=750px><a href=\"#Contact\" class=\"ekit-menu-nav-link\">Contact Us<\/a><\/li>\n<\/ul><div class=\"elementskit-nav-identity-panel\"><button class=\"elementskit-menu-close elementskit-menu-toggler\" type=\"button\">X<\/button><\/div><\/div>\t\t\t\n\t\t\t<div class=\"elementskit-menu-overlay elementskit-menu-offcanvas-elements elementskit-menu-toggler ekit-nav-menu--overlay\"><\/div>        <\/nav>\n\t\t\t\t\t\t<\/div>\n\t\t\t\t<\/div>\n\t\t\t\t<\/div>\n\t\t\t\t<\/div>\n\t\t<div class=\"elementor-element elementor-element-d36bee6 e-flex e-con-boxed e-con e-parent\" data-id=\"d36bee6\" data-element_type=\"container\" data-settings=\"{&quot;background_background&quot;:&quot;classic&quot;,&quot;ekit_has_onepagescroll_dot&quot;:&quot;yes&quot;}\">\n\t\t\t\t\t<div class=\"e-con-inner\">\n\t\t\t\t<div class=\"elementor-element elementor-element-91f4166 elementor-widget elementor-widget-heading\" data-id=\"91f4166\" data-element_type=\"widget\" data-settings=\"{&quot;ekit_we_effect_on&quot;:&quot;none&quot;}\" data-widget_type=\"heading.default\">\n\t\t\t\t<div class=\"elementor-widget-container\">\n\t\t\t\t\t<h2 class=\"elementor-heading-title elementor-size-default\">GPDR<\/h2>\t\t\t\t<\/div>\n\t\t\t\t<\/div>\n\t\t\t\t\t<\/div>\n\t\t\t\t<\/div>\n\t\t<div class=\"elementor-element elementor-element-3524e41 e-flex e-con-boxed e-con e-parent\" data-id=\"3524e41\" data-element_type=\"container\" data-settings=\"{&quot;ekit_has_onepagescroll_dot&quot;:&quot;yes&quot;}\">\n\t\t\t\t\t<div class=\"e-con-inner\">\n\t\t\t\t<div class=\"elementor-element elementor-element-d7ca2e9 elementor-widget elementor-widget-text-editor\" data-id=\"d7ca2e9\" data-element_type=\"widget\" data-settings=\"{&quot;ekit_we_effect_on&quot;:&quot;none&quot;}\" data-widget_type=\"text-editor.default\">\n\t\t\t\t<div class=\"elementor-widget-container\">\n\t\t\t\t\t\t\t\t\t<p><audio class=\"audio-for-speech\"><\/audio><\/p><div class=\"translate-tooltip-mtz blue sm-root translate hidden_translate\"><div class=\"header-wrapper\"><div class=\"header-controls\">\u00a0<\/div><\/div><\/div><p><span style=\"font-weight: 400;\">Politique de confidentialit\u00e9 pour irontvpro.fr<\/span><\/p><p><span style=\"font-weight: 400;\">Sur irontvpro.fr , accessible depuis https:\/\/ironofficiel.com , l\u2019une de nos principales priorit\u00e9s est la confidentialit\u00e9 de nos visiteurs. Ce document de politique de confidentialit\u00e9 contient des types d\u2019informations qui sont collect\u00e9es et enregistr\u00e9es par atlasprolive.com et comment nous les utilisons.<\/span><\/p><p><span style=\"font-weight: 400;\">Si vous avez des questions suppl\u00e9mentaires ou souhaitez plus d\u2019informations sur notre politique de confidentialit\u00e9, n\u2019h\u00e9sitez pas \u00e0 nous contacter. Notre politique de confidentialit\u00e9 a \u00e9t\u00e9 g\u00e9n\u00e9r\u00e9e \u00e0 l\u2019aide de G\u00e9n\u00e9rateur de politique de confidentialit\u00e9 GDPR<\/span><\/p><p><span style=\"font-weight: 400;\">\u00a0<\/span><\/p><p><span style=\"font-weight: 400;\">R\u00e8glement g\u00e9n\u00e9ral sur la protection des donn\u00e9es (RGPD)<\/span><\/p><p><span style=\"font-weight: 400;\">Nous sommes un contr\u00f4leur de donn\u00e9es de vos informations.<\/span><\/p><p><span style=\"font-weight: 400;\">la base juridique d\u2019irontvpro pour la collecte et l\u2019utilisation des informations personnelles d\u00e9crites dans la pr\u00e9sente politique de confidentialit\u00e9 d\u00e9pend des informations personnelles que nous collectons et du contexte sp\u00e9cifique dans lequel nous collectons les informations :<\/span><\/p><p><span style=\"font-weight: 400;\">irontvpro doit ex\u00e9cuter un contrat avec vous<\/span><\/p><p><span style=\"font-weight: 400;\">Vous avez autoris\u00e9 irontvpro \u00e0 le faire<\/span><\/p><p><span style=\"font-weight: 400;\">Le traitement de vos informations personnelles est dans l\u2019int\u00e9r\u00eat l\u00e9gitime d\u2019irontvpro<\/span><\/p><p><span style=\"font-weight: 400;\">irontvpro doit se conformer \u00e0 la loi<\/span><\/p><p><span style=\"font-weight: 400;\">irontvpro ne conservera vos informations personnelles que le temps n\u00e9cessaire aux fins \u00e9nonc\u00e9es dans la pr\u00e9sente politique de confidentialit\u00e9. Nous conserverons et utiliserons vos informations dans la mesure n\u00e9cessaire pour nous conformer \u00e0 nos obligations l\u00e9gales, r\u00e9soudre les litiges et appliquer nos politiques.<\/span><\/p><p><span style=\"font-weight: 400;\">Si vous r\u00e9sidez dans l\u2019Espace \u00e9conomique europ\u00e9en (EEE), vous disposez de certains droits en mati\u00e8re de protection des donn\u00e9es. Si vous souhaitez \u00eatre inform\u00e9 des informations personnelles que nous d\u00e9tenons \u00e0 votre sujet et si vous souhaitez qu\u2019elles soient supprim\u00e9es de nos syst\u00e8mes, veuillez nous contacter.<\/span><\/p><p><span style=\"font-weight: 400;\">Dans certaines circonstances, vous disposez des droits suivants en mati\u00e8re de protection des donn\u00e9es :<\/span><\/p><p><span style=\"font-weight: 400;\">Le droit d\u2019acc\u00e9der, de mettre \u00e0 jour ou de supprimer les informations que nous avons sur vous.<\/span><\/p><p><span style=\"font-weight: 400;\">Le droit de rectification.<\/span><\/p><p><span style=\"font-weight: 400;\">Le droit d\u2019opposition.<\/span><\/p><p><span style=\"font-weight: 400;\">Le droit de restriction.<\/span><\/p><p><span style=\"font-weight: 400;\">Le droit \u00e0 la portabilit\u00e9 des donn\u00e9es<\/span><\/p><p><span style=\"font-weight: 400;\">Le droit de retirer son consentement<\/span><\/p><p><span style=\"font-weight: 400;\">\u00a0<\/span><\/p><p><span style=\"font-weight: 400;\">Fichiers journaux<\/span><\/p><p><span style=\"font-weight: 400;\">atlasprolive.com suit une proc\u00e9dure standard d\u2019utilisation des fichiers journaux. Ces fichiers enregistrent les visiteurs lorsqu\u2019ils visitent des sites Web. Toutes les soci\u00e9t\u00e9s d\u2019h\u00e9bergement le font et font partie de l\u2019analyse des services d\u2019h\u00e9bergement. Les informations collect\u00e9es par les fichiers journaux incluent les adresses IP (protocole Internet), le type de navigateur, le fournisseur d\u2019acc\u00e8s Internet (FAI), l\u2019horodatage, les pages de renvoi\/sortie et \u00e9ventuellement le nombre de clics. Ceux-ci ne sont li\u00e9s \u00e0 aucune information personnellement identifiable. Le but de l\u2019information est d\u2019analyser les tendances, d\u2019administrer le site, de suivre les mouvements des utilisateurs sur le site Web et de recueillir des informations d\u00e9mographiques.<\/span><\/p><p><span style=\"font-weight: 400;\">Cookie Google DoubleClick DART<\/span><\/p><p><span style=\"font-weight: 400;\">Google est l\u2019un des fournisseurs tiers de notre site. Il utilise \u00e9galement des cookies, connus sous le nom de cookies DART, pour diffuser des annonces aux visiteurs de notre site en fonction de leur visite sur www.website.com et d\u2019autres sites sur Internet. Cependant, les visiteurs peuvent choisir de refuser l\u2019utilisation des cookies DART en visitant la politique de confidentialit\u00e9 du r\u00e9seau publicitaire et de contenu de Google \u00e0 l\u2019URL suivante \u2013 https:\/ \/policies.google.com\/technologies\/annonces<\/span><\/p><p><span style=\"font-weight: 400;\">Politiques de confidentialit\u00e9<\/span><\/p><p><span style=\"font-weight: 400;\">Vous pouvez consulter cette liste pour trouver la politique de confidentialit\u00e9 de chacun des partenaires publicitaires d\u2019irontvpro.fr.<\/span><\/p><p><span style=\"font-weight: 400;\">Les serveurs publicitaires ou r\u00e9seaux publicitaires tiers utilisent des technologies telles que les cookies, JavaScript ou les balises Web qui sont utilis\u00e9es dans leurs publicit\u00e9s et liens respectifs qui apparaissent sur atlasprolive.com, qui sont envoy\u00e9s directement au navigateur des utilisateurs. Ils re\u00e7oivent automatiquement votre adresse IP lorsque cela se produit. Ces technologies sont utilis\u00e9es pour mesurer l\u2019efficacit\u00e9 de leurs campagnes publicitaires et\/ou pour personnaliser le contenu publicitaire que vous voyez sur les sites Web que vous visitez.<\/span><\/p><p><span style=\"font-weight: 400;\">Notez qu\u2019atlasprolive.com n\u2019a aucun acc\u00e8s ni aucun contr\u00f4le sur ces cookies qui sont utilis\u00e9s par des annonceurs tiers.<\/span><\/p><p><span style=\"font-weight: 400;\">Politiques de confidentialit\u00e9 des tiers<\/span><\/p><p><span style=\"font-weight: 400;\">La politique de confidentialit\u00e9 d\u2019atlasprolive.com ne s\u2019applique pas aux autres annonceurs ou sites Web. Ainsi, nous vous conseillons de consulter les politiques de confidentialit\u00e9 respectives de ces serveurs publicitaires tiers pour des informations plus d\u00e9taill\u00e9es. Il peut inclure leurs pratiques et instructions sur la fa\u00e7on de se retirer de certaines options.<\/span><\/p><p><span style=\"font-weight: 400;\">Vous pouvez choisir de d\u00e9sactiver les cookies via les options de votre navigateur. Pour conna\u00eetre des informations plus d\u00e9taill\u00e9es sur la gestion des cookies avec des navigateurs Web sp\u00e9cifiques, vous pou<\/span><\/p><p>\u00a0<\/p>\t\t\t\t\t\t\t\t<\/div>\n\t\t\t\t<\/div>\n\t\t\t\t\t<\/div>\n\t\t\t\t<\/div>\n\t\t<div class=\"elementor-element elementor-element-364794e e-con-full e-flex e-con e-parent\" data-id=\"364794e\" data-element_type=\"container\" data-settings=\"{&quot;background_background&quot;:&quot;classic&quot;,&quot;ekit_has_onepagescroll_dot&quot;:&quot;yes&quot;}\">\n\t\t<div class=\"elementor-element elementor-element-726ac62 e-con-full e-flex e-con e-child\" data-id=\"726ac62\" data-element_type=\"container\" data-settings=\"{&quot;ekit_has_onepagescroll_dot&quot;:&quot;yes&quot;}\">\n\t\t\t\t<div class=\"elementor-element elementor-element-c8dd0d1 elementor-widget elementor-widget-image\" data-id=\"c8dd0d1\" data-element_type=\"widget\" data-settings=\"{&quot;ekit_we_effect_on&quot;:&quot;none&quot;}\" data-widget_type=\"image.default\">\n\t\t\t\t<div class=\"elementor-widget-container\">\n\t\t\t\t\t\t\t\t\t\t\t\t\t\t\t<img fetchpriority=\"high\" decoding=\"async\" width=\"800\" height=\"800\" src=\"https:\/\/ironofficiel.com\/wp-content\/uploads\/2024\/02\/logo-atlas-iptv-1024x1024.png\" class=\"attachment-large size-large wp-image-135\" alt=\"\" srcset=\"https:\/\/ironofficiel.com\/wp-content\/uploads\/2024\/02\/logo-atlas-iptv-1024x1024.png 1024w, https:\/\/ironofficiel.com\/wp-content\/uploads\/2024\/02\/logo-atlas-iptv-300x300.png 300w, https:\/\/ironofficiel.com\/wp-content\/uploads\/2024\/02\/logo-atlas-iptv-150x150.png 150w, https:\/\/ironofficiel.com\/wp-content\/uploads\/2024\/02\/logo-atlas-iptv-768x768.png 768w, https:\/\/ironofficiel.com\/wp-content\/uploads\/2024\/02\/logo-atlas-iptv.png 1080w\" sizes=\"(max-width: 800px) 100vw, 800px\" \/>\t\t\t\t\t\t\t\t\t\t\t\t\t\t\t<\/div>\n\t\t\t\t<\/div>\n\t\t\t\t<\/div>\n\t\t<div class=\"elementor-element elementor-element-a88cac2 e-con-full e-flex e-con e-child\" data-id=\"a88cac2\" data-element_type=\"container\" data-settings=\"{&quot;ekit_has_onepagescroll_dot&quot;:&quot;yes&quot;}\">\n\t\t\t\t<div class=\"elementor-element elementor-element-05314cc elementor-widget elementor-widget-heading\" data-id=\"05314cc\" data-element_type=\"widget\" data-settings=\"{&quot;ekit_we_effect_on&quot;:&quot;none&quot;}\" data-widget_type=\"heading.default\">\n\t\t\t\t<div class=\"elementor-widget-container\">\n\t\t\t\t\t<h2 class=\"elementor-heading-title elementor-size-default\">Informations\n<\/h2>\t\t\t\t<\/div>\n\t\t\t\t<\/div>\n\t\t\t\t<div class=\"elementor-element elementor-element-9b85f46 elementor-icon-list--layout-traditional elementor-list-item-link-full_width elementor-widget elementor-widget-icon-list\" data-id=\"9b85f46\" data-element_type=\"widget\" data-settings=\"{&quot;ekit_we_effect_on&quot;:&quot;none&quot;}\" data-widget_type=\"icon-list.default\">\n\t\t\t\t<div class=\"elementor-widget-container\">\n\t\t\t\t\t\t\t<ul class=\"elementor-icon-list-items\">\n\t\t\t\t\t\t\t<li class=\"elementor-icon-list-item\">\n\t\t\t\t\t\t\t\t\t\t<span class=\"elementor-icon-list-text\">GDPR Policy<\/span>\n\t\t\t\t\t\t\t\t\t<\/li>\n\t\t\t\t\t\t\t\t<li class=\"elementor-icon-list-item\">\n\t\t\t\t\t\t\t\t\t\t<span class=\"elementor-icon-list-text\">privacy policy<\/span>\n\t\t\t\t\t\t\t\t\t<\/li>\n\t\t\t\t\t\t\t\t<li class=\"elementor-icon-list-item\">\n\t\t\t\t\t\t\t\t\t\t<span class=\"elementor-icon-list-text\">refund policy<\/span>\n\t\t\t\t\t\t\t\t\t<\/li>\n\t\t\t\t\t\t\t\t<li class=\"elementor-icon-list-item\">\n\t\t\t\t\t\t\t\t\t\t<span class=\"elementor-icon-list-text\">Terms Of Use<\/span>\n\t\t\t\t\t\t\t\t\t<\/li>\n\t\t\t\t\t\t<\/ul>\n\t\t\t\t\t\t<\/div>\n\t\t\t\t<\/div>\n\t\t\t\t<\/div>\n\t\t\t\t<\/div>\n\t\t<div class=\"elementor-element elementor-element-3c75da0 e-con-full e-flex e-con e-parent\" data-id=\"3c75da0\" data-element_type=\"container\" data-settings=\"{&quot;background_background&quot;:&quot;classic&quot;,&quot;ekit_has_onepagescroll_dot&quot;:&quot;yes&quot;}\">\n\t\t\t\t<div class=\"elementor-element elementor-element-877b163 elementor-widget-divider--view-line elementor-widget elementor-widget-divider\" data-id=\"877b163\" data-element_type=\"widget\" data-settings=\"{&quot;ekit_we_effect_on&quot;:&quot;none&quot;}\" data-widget_type=\"divider.default\">\n\t\t\t\t<div class=\"elementor-widget-container\">\n\t\t\t\t\t\t\t<div class=\"elementor-divider\">\n\t\t\t<span class=\"elementor-divider-separator\">\n\t\t\t\t\t\t<\/span>\n\t\t<\/div>\n\t\t\t\t\t\t<\/div>\n\t\t\t\t<\/div>\n\t\t\t\t<\/div>\n\t\t<div class=\"elementor-element elementor-element-dfe3b8c e-con-full e-flex e-con e-parent\" data-id=\"dfe3b8c\" data-element_type=\"container\" data-settings=\"{&quot;background_background&quot;:&quot;classic&quot;,&quot;ekit_has_onepagescroll_dot&quot;:&quot;yes&quot;}\">\n\t\t\t\t<div class=\"elementor-element elementor-element-72baf72 elementor-widget elementor-widget-text-editor\" data-id=\"72baf72\" data-element_type=\"widget\" data-settings=\"{&quot;ekit_we_effect_on&quot;:&quot;none&quot;}\" data-widget_type=\"text-editor.default\">\n\t\t\t\t<div class=\"elementor-widget-container\">\n\t\t\t\t\t\t\t\t\t<p>Copyright \u00a9 Atlas PRO All rights reserved<\/p>\t\t\t\t\t\t\t\t<\/div>\n\t\t\t\t<\/div>\n\t\t\t\t<\/div>\n\t\t\t\t<\/div>\n\t\t","protected":false},"excerpt":{"rendered":"<p>Home IRON TV PRO Tutorial FAQ Contact Us X GPDR \u00a0 Politique de confidentialit\u00e9 pour irontvpro.fr Sur irontvpro.fr , accessible depuis https:\/\/ironofficiel.com , l\u2019une de nos principales priorit\u00e9s est la confidentialit\u00e9 de nos visiteurs. Ce document de politique de confidentialit\u00e9 contient des types d\u2019informations qui sont collect\u00e9es et enregistr\u00e9es par atlasprolive.com et comment nous les [&hellip;]<\/p>\n","protected":false},"author":1,"featured_media":0,"parent":0,"menu_order":0,"comment_status":"closed","ping_status":"closed","template":"elementor_canvas","meta":{"_joinchat":[],"footnotes":""},"class_list":["post-249","page","type-page","status-publish","hentry"],"_links":{"self":[{"href":"https:\/\/ironofficiel.com\/index.php?rest_route=\/wp\/v2\/pages\/249","targetHints":{"allow":["GET"]}}],"collection":[{"href":"https:\/\/ironofficiel.com\/index.php?rest_route=\/wp\/v2\/pages"}],"about":[{"href":"https:\/\/ironofficiel.com\/index.php?rest_route=\/wp\/v2\/types\/page"}],"author":[{"embeddable":true,"href":"https:\/\/ironofficiel.com\/index.php?rest_route=\/wp\/v2\/users\/1"}],"replies":[{"embeddable":true,"href":"https:\/\/ironofficiel.com\/index.php?rest_route=%2Fwp%2Fv2%2Fcomments&post=249"}],"version-history":[{"count":22,"href":"https:\/\/ironofficiel.com\/index.php?rest_route=\/wp\/v2\/pages\/249\/revisions"}],"predecessor-version":[{"id":517,"href":"https:\/\/ironofficiel.com\/index.php?rest_route=\/wp\/v2\/pages\/249\/revisions\/517"}],"wp:attachment":[{"href":"https:\/\/ironofficiel.com\/index.php?rest_route=%2Fwp%2Fv2%2Fmedia&parent=249"}],"curies":[{"name":"wp","href":"https:\/\/api.w.org\/{rel}","templated":true}]}}