{"id":274,"date":"2024-02-04T10:40:57","date_gmt":"2024-02-04T10:40:57","guid":{"rendered":"https:\/\/ironofficiel.com\/?page_id=274"},"modified":"2025-01-06T20:51:22","modified_gmt":"2025-01-06T20:51:22","slug":"refund-policy","status":"publish","type":"page","link":"https:\/\/ironofficiel.com\/?page_id=274","title":{"rendered":"refund policy"},"content":{"rendered":"\t\t<div data-elementor-type=\"wp-page\" data-elementor-id=\"274\" class=\"elementor elementor-274\">\n\t\t\t\t<div class=\"elementor-element elementor-element-7be8c94a e-con-full e-flex e-con e-parent\" data-id=\"7be8c94a\" data-element_type=\"container\" data-settings=\"{&quot;background_background&quot;:&quot;classic&quot;,&quot;ekit_has_onepagescroll_dot&quot;:&quot;yes&quot;}\">\n\t\t<div class=\"elementor-element elementor-element-389458e e-con-full e-flex e-con e-child\" data-id=\"389458e\" data-element_type=\"container\" data-settings=\"{&quot;ekit_has_onepagescroll_dot&quot;:&quot;yes&quot;}\">\n\t\t\t\t<div class=\"elementor-element elementor-element-603d2b07 elementor-widget elementor-widget-image\" data-id=\"603d2b07\" data-element_type=\"widget\" data-settings=\"{&quot;ekit_we_effect_on&quot;:&quot;none&quot;}\" data-widget_type=\"image.default\">\n\t\t\t\t<div class=\"elementor-widget-container\">\n\t\t\t\t\t\t\t\t\t\t\t\t\t\t\t\t<a href=\"https:\/\/ironofficiel.com\/\">\n\t\t\t\t\t\t\t<img fetchpriority=\"high\" decoding=\"async\" width=\"800\" height=\"800\" src=\"https:\/\/ironofficiel.com\/wp-content\/uploads\/2024\/02\/logo-atlas-iptv-1024x1024.png\" class=\"attachment-large size-large wp-image-135\" alt=\"\" srcset=\"https:\/\/ironofficiel.com\/wp-content\/uploads\/2024\/02\/logo-atlas-iptv-1024x1024.png 1024w, https:\/\/ironofficiel.com\/wp-content\/uploads\/2024\/02\/logo-atlas-iptv-300x300.png 300w, https:\/\/ironofficiel.com\/wp-content\/uploads\/2024\/02\/logo-atlas-iptv-150x150.png 150w, https:\/\/ironofficiel.com\/wp-content\/uploads\/2024\/02\/logo-atlas-iptv-768x768.png 768w, https:\/\/ironofficiel.com\/wp-content\/uploads\/2024\/02\/logo-atlas-iptv.png 1080w\" sizes=\"(max-width: 800px) 100vw, 800px\" \/>\t\t\t\t\t\t\t\t<\/a>\n\t\t\t\t\t\t\t\t\t\t\t\t\t\t\t<\/div>\n\t\t\t\t<\/div>\n\t\t\t\t<\/div>\n\t\t<div class=\"elementor-element elementor-element-122e13d5 e-con-full e-flex e-con e-child\" data-id=\"122e13d5\" data-element_type=\"container\" data-settings=\"{&quot;ekit_has_onepagescroll_dot&quot;:&quot;yes&quot;}\">\n\t\t\t\t<div class=\"elementor-element elementor-element-3e08c2d5 elementor-widget elementor-widget-ekit-nav-menu\" data-id=\"3e08c2d5\" data-element_type=\"widget\" data-settings=\"{&quot;ekit_we_effect_on&quot;:&quot;none&quot;}\" data-widget_type=\"ekit-nav-menu.default\">\n\t\t\t\t<div class=\"elementor-widget-container\">\n\t\t\t\t\t\t\t<nav class=\"ekit-wid-con ekit_menu_responsive_tablet\" \n\t\t\tdata-hamburger-icon=\"\" \n\t\t\tdata-hamburger-icon-type=\"icon\" \n\t\t\tdata-responsive-breakpoint=\"1024\">\n\t\t\t            <button class=\"elementskit-menu-hamburger elementskit-menu-toggler\"  type=\"button\" aria-label=\"hamburger-icon\">\n                                    <span class=\"elementskit-menu-hamburger-icon\"><\/span><span class=\"elementskit-menu-hamburger-icon\"><\/span><span class=\"elementskit-menu-hamburger-icon\"><\/span>\n                            <\/button>\n            <div id=\"ekit-megamenu-m\" class=\"elementskit-menu-container elementskit-menu-offcanvas-elements elementskit-navbar-nav-default ekit-nav-menu-one-page-no ekit-nav-dropdown-hover\"><ul id=\"menu-m\" class=\"elementskit-navbar-nav elementskit-menu-po-left submenu-click-on-icon\"><li id=\"menu-item-137\" class=\"menu-item menu-item-type-custom menu-item-object-custom menu-item-home menu-item-137 nav-item elementskit-mobile-builder-content\" data-vertical-menu=750px><a href=\"https:\/\/ironofficiel.com\/\" class=\"ekit-menu-nav-link\">Home<\/a><\/li>\n<li id=\"menu-item-138\" class=\"menu-item menu-item-type-custom menu-item-object-custom menu-item-138 nav-item elementskit-mobile-builder-content\" data-vertical-menu=750px><a href=\"#IRON\" class=\"ekit-menu-nav-link\">IRON TV PRO<\/a><\/li>\n<li id=\"menu-item-139\" class=\"menu-item menu-item-type-custom menu-item-object-custom menu-item-139 nav-item elementskit-mobile-builder-content\" data-vertical-menu=750px><a href=\"#Tutorial\" class=\"ekit-menu-nav-link\">Tutorial<\/a><\/li>\n<li id=\"menu-item-140\" class=\"menu-item menu-item-type-custom menu-item-object-custom menu-item-140 nav-item elementskit-mobile-builder-content\" data-vertical-menu=750px><a href=\"#FAQ\" class=\"ekit-menu-nav-link\">FAQ<\/a><\/li>\n<li id=\"menu-item-141\" class=\"menu-item menu-item-type-custom menu-item-object-custom menu-item-141 nav-item elementskit-mobile-builder-content\" data-vertical-menu=750px><a href=\"#Contact\" class=\"ekit-menu-nav-link\">Contact Us<\/a><\/li>\n<\/ul><div class=\"elementskit-nav-identity-panel\"><button class=\"elementskit-menu-close elementskit-menu-toggler\" type=\"button\">X<\/button><\/div><\/div>\t\t\t\n\t\t\t<div class=\"elementskit-menu-overlay elementskit-menu-offcanvas-elements elementskit-menu-toggler ekit-nav-menu--overlay\"><\/div>        <\/nav>\n\t\t\t\t\t\t<\/div>\n\t\t\t\t<\/div>\n\t\t\t\t<\/div>\n\t\t\t\t<\/div>\n\t\t<div class=\"elementor-element elementor-element-41a9cc7b e-flex e-con-boxed e-con e-parent\" data-id=\"41a9cc7b\" data-element_type=\"container\" data-settings=\"{&quot;background_background&quot;:&quot;classic&quot;,&quot;ekit_has_onepagescroll_dot&quot;:&quot;yes&quot;}\">\n\t\t\t\t\t<div class=\"e-con-inner\">\n\t\t\t\t<div class=\"elementor-element elementor-element-40112647 elementor-widget elementor-widget-heading\" data-id=\"40112647\" data-element_type=\"widget\" data-settings=\"{&quot;ekit_we_effect_on&quot;:&quot;none&quot;}\" data-widget_type=\"heading.default\">\n\t\t\t\t<div class=\"elementor-widget-container\">\n\t\t\t\t\t<h2 class=\"elementor-heading-title elementor-size-default\">refund policy\n<\/h2>\t\t\t\t<\/div>\n\t\t\t\t<\/div>\n\t\t\t\t\t<\/div>\n\t\t\t\t<\/div>\n\t\t<div class=\"elementor-element elementor-element-27d16036 e-flex e-con-boxed e-con e-parent\" data-id=\"27d16036\" data-element_type=\"container\" data-settings=\"{&quot;ekit_has_onepagescroll_dot&quot;:&quot;yes&quot;}\">\n\t\t\t\t\t<div class=\"e-con-inner\">\n\t\t\t\t<div class=\"elementor-element elementor-element-764aabd9 elementor-widget elementor-widget-text-editor\" data-id=\"764aabd9\" data-element_type=\"widget\" data-settings=\"{&quot;ekit_we_effect_on&quot;:&quot;none&quot;}\" data-widget_type=\"text-editor.default\">\n\t\t\t\t<div class=\"elementor-widget-container\">\n\t\t\t\t\t\t\t\t\t<p><audio class=\"audio-for-speech\"><\/audio><\/p><div class=\"translate-tooltip-mtz blue sm-root translate hidden_translate\"><div class=\"header-wrapper\"><div class=\"header-controls\">\u00a0<\/div><\/div><\/div><p>Politique de remboursement pour https:\/\/ironofficiel.com<\/p><p>Nous sommes d\u00e9sol\u00e9s que vous souhaitiez effectuer un remboursement. Nous sommes d\u00e9termin\u00e9s \u00e0 offrir une exp\u00e9rience de service client\u00e8le de qualit\u00e9 sup\u00e9rieure \u00e0 nos clients, et nous nous effor\u00e7ons de r\u00e9pondre \u00e0 tous les besoins et demandes de remboursement dans les meilleurs d\u00e9lais.<\/p><p>Remboursement pour les paiements en ligne<br \/>Si vous avez pay\u00e9 pour nos services en ligne, vous pouvez demander un remboursement dans les 14 jours suivant votre achat initial. Les demandes de remboursement doivent \u00eatre adress\u00e9es \u00e0 notre service client\u00e8le par e-mail \u00e0 l\u2019adresse suivante :\u00a0contact@atlasproserveur.fr\u00a0Veuillez inclure votre nom complet, votre adresse e-mail et votre num\u00e9ro de commande dans votre demande de remboursement.<\/p><p>Remboursement pour les services non fournis<br \/>Si nous n\u2019avons pas \u00e9t\u00e9 en mesure de fournir les services pour lesquels vous avez pay\u00e9, nous vous offrirons un remboursement complet. Veuillez contacter notre service client\u00e8le pour discuter de votre demande de remboursement.<\/p><p>Modalit\u00e9s de remboursement<br \/>Les remboursements seront effectu\u00e9s via le m\u00eame mode de paiement que celui utilis\u00e9 pour effectuer l\u2019achat initial. Veuillez noter que les d\u00e9lais de remboursement peuvent varier en fonction de la m\u00e9thode de paiement et de la banque \u00e9mettrice.<\/p><p>Contactez-nous<br \/>Si vous avez des questions ou des pr\u00e9occupations concernant notre politique de remboursement, veuillez nous contacter \u00e0 l\u2019adresse e-mail suivante : contact@ironofficiel.com<\/p>\t\t\t\t\t\t\t\t<\/div>\n\t\t\t\t<\/div>\n\t\t\t\t\t<\/div>\n\t\t\t\t<\/div>\n\t\t<div class=\"elementor-element elementor-element-77f1c7c3 e-con-full e-flex e-con e-parent\" data-id=\"77f1c7c3\" data-element_type=\"container\" data-settings=\"{&quot;background_background&quot;:&quot;classic&quot;,&quot;ekit_has_onepagescroll_dot&quot;:&quot;yes&quot;}\">\n\t\t<div class=\"elementor-element elementor-element-8050d5c e-con-full e-flex e-con e-child\" data-id=\"8050d5c\" data-element_type=\"container\" data-settings=\"{&quot;ekit_has_onepagescroll_dot&quot;:&quot;yes&quot;}\">\n\t\t\t\t<div class=\"elementor-element elementor-element-68057bc6 elementor-widget elementor-widget-image\" data-id=\"68057bc6\" data-element_type=\"widget\" data-settings=\"{&quot;ekit_we_effect_on&quot;:&quot;none&quot;}\" data-widget_type=\"image.default\">\n\t\t\t\t<div class=\"elementor-widget-container\">\n\t\t\t\t\t\t\t\t\t\t\t\t\t\t\t<img fetchpriority=\"high\" decoding=\"async\" width=\"800\" height=\"800\" src=\"https:\/\/ironofficiel.com\/wp-content\/uploads\/2024\/02\/logo-atlas-iptv-1024x1024.png\" class=\"attachment-large size-large wp-image-135\" alt=\"\" srcset=\"https:\/\/ironofficiel.com\/wp-content\/uploads\/2024\/02\/logo-atlas-iptv-1024x1024.png 1024w, https:\/\/ironofficiel.com\/wp-content\/uploads\/2024\/02\/logo-atlas-iptv-300x300.png 300w, https:\/\/ironofficiel.com\/wp-content\/uploads\/2024\/02\/logo-atlas-iptv-150x150.png 150w, https:\/\/ironofficiel.com\/wp-content\/uploads\/2024\/02\/logo-atlas-iptv-768x768.png 768w, https:\/\/ironofficiel.com\/wp-content\/uploads\/2024\/02\/logo-atlas-iptv.png 1080w\" sizes=\"(max-width: 800px) 100vw, 800px\" \/>\t\t\t\t\t\t\t\t\t\t\t\t\t\t\t<\/div>\n\t\t\t\t<\/div>\n\t\t\t\t<\/div>\n\t\t<div class=\"elementor-element elementor-element-554cb6d4 e-con-full e-flex e-con e-child\" data-id=\"554cb6d4\" data-element_type=\"container\" data-settings=\"{&quot;ekit_has_onepagescroll_dot&quot;:&quot;yes&quot;}\">\n\t\t\t\t<div class=\"elementor-element elementor-element-fbdf339 elementor-widget elementor-widget-heading\" data-id=\"fbdf339\" data-element_type=\"widget\" data-settings=\"{&quot;ekit_we_effect_on&quot;:&quot;none&quot;}\" data-widget_type=\"heading.default\">\n\t\t\t\t<div class=\"elementor-widget-container\">\n\t\t\t\t\t<h2 class=\"elementor-heading-title elementor-size-default\">Informations\n<\/h2>\t\t\t\t<\/div>\n\t\t\t\t<\/div>\n\t\t\t\t<div class=\"elementor-element elementor-element-2a6c2f29 elementor-icon-list--layout-traditional elementor-list-item-link-full_width elementor-widget elementor-widget-icon-list\" data-id=\"2a6c2f29\" data-element_type=\"widget\" data-settings=\"{&quot;ekit_we_effect_on&quot;:&quot;none&quot;}\" data-widget_type=\"icon-list.default\">\n\t\t\t\t<div class=\"elementor-widget-container\">\n\t\t\t\t\t\t\t<ul class=\"elementor-icon-list-items\">\n\t\t\t\t\t\t\t<li class=\"elementor-icon-list-item\">\n\t\t\t\t\t\t\t\t\t\t<span class=\"elementor-icon-list-text\">GDPR Policy<\/span>\n\t\t\t\t\t\t\t\t\t<\/li>\n\t\t\t\t\t\t\t\t<li class=\"elementor-icon-list-item\">\n\t\t\t\t\t\t\t\t\t\t<span class=\"elementor-icon-list-text\">privacy policy<\/span>\n\t\t\t\t\t\t\t\t\t<\/li>\n\t\t\t\t\t\t\t\t<li class=\"elementor-icon-list-item\">\n\t\t\t\t\t\t\t\t\t\t<span class=\"elementor-icon-list-text\">refund policy<\/span>\n\t\t\t\t\t\t\t\t\t<\/li>\n\t\t\t\t\t\t\t\t<li class=\"elementor-icon-list-item\">\n\t\t\t\t\t\t\t\t\t\t<span class=\"elementor-icon-list-text\">Terms Of Use<\/span>\n\t\t\t\t\t\t\t\t\t<\/li>\n\t\t\t\t\t\t<\/ul>\n\t\t\t\t\t\t<\/div>\n\t\t\t\t<\/div>\n\t\t\t\t<\/div>\n\t\t\t\t<\/div>\n\t\t<div class=\"elementor-element elementor-element-238266c2 e-con-full e-flex e-con e-parent\" data-id=\"238266c2\" data-element_type=\"container\" data-settings=\"{&quot;background_background&quot;:&quot;classic&quot;,&quot;ekit_has_onepagescroll_dot&quot;:&quot;yes&quot;}\">\n\t\t\t\t<div class=\"elementor-element elementor-element-3a68d4a0 elementor-widget-divider--view-line elementor-widget elementor-widget-divider\" data-id=\"3a68d4a0\" data-element_type=\"widget\" data-settings=\"{&quot;ekit_we_effect_on&quot;:&quot;none&quot;}\" data-widget_type=\"divider.default\">\n\t\t\t\t<div class=\"elementor-widget-container\">\n\t\t\t\t\t\t\t<div class=\"elementor-divider\">\n\t\t\t<span class=\"elementor-divider-separator\">\n\t\t\t\t\t\t<\/span>\n\t\t<\/div>\n\t\t\t\t\t\t<\/div>\n\t\t\t\t<\/div>\n\t\t\t\t<\/div>\n\t\t<div class=\"elementor-element elementor-element-53be924d e-con-full e-flex e-con e-parent\" data-id=\"53be924d\" data-element_type=\"container\" data-settings=\"{&quot;background_background&quot;:&quot;classic&quot;,&quot;ekit_has_onepagescroll_dot&quot;:&quot;yes&quot;}\">\n\t\t\t\t<div class=\"elementor-element elementor-element-83bfcc elementor-widget elementor-widget-text-editor\" data-id=\"83bfcc\" data-element_type=\"widget\" data-settings=\"{&quot;ekit_we_effect_on&quot;:&quot;none&quot;}\" data-widget_type=\"text-editor.default\">\n\t\t\t\t<div class=\"elementor-widget-container\">\n\t\t\t\t\t\t\t\t\t<p>Copyright \u00a9 Atlas PRO All rights reserved<\/p>\t\t\t\t\t\t\t\t<\/div>\n\t\t\t\t<\/div>\n\t\t\t\t<\/div>\n\t\t\t\t<\/div>\n\t\t","protected":false},"excerpt":{"rendered":"<p>Home IRON TV PRO Tutorial FAQ Contact Us X refund policy \u00a0 Politique de remboursement pour https:\/\/ironofficiel.com Nous sommes d\u00e9sol\u00e9s que vous souhaitiez effectuer un remboursement. Nous sommes d\u00e9termin\u00e9s \u00e0 offrir une exp\u00e9rience de service client\u00e8le de qualit\u00e9 sup\u00e9rieure \u00e0 nos clients, et nous nous effor\u00e7ons de r\u00e9pondre \u00e0 tous les besoins et demandes de [&hellip;]<\/p>\n","protected":false},"author":1,"featured_media":0,"parent":0,"menu_order":0,"comment_status":"closed","ping_status":"closed","template":"elementor_canvas","meta":{"_joinchat":[],"footnotes":""},"class_list":["post-274","page","type-page","status-publish","hentry"],"_links":{"self":[{"href":"https:\/\/ironofficiel.com\/index.php?rest_route=\/wp\/v2\/pages\/274","targetHints":{"allow":["GET"]}}],"collection":[{"href":"https:\/\/ironofficiel.com\/index.php?rest_route=\/wp\/v2\/pages"}],"about":[{"href":"https:\/\/ironofficiel.com\/index.php?rest_route=\/wp\/v2\/types\/page"}],"author":[{"embeddable":true,"href":"https:\/\/ironofficiel.com\/index.php?rest_route=\/wp\/v2\/users\/1"}],"replies":[{"embeddable":true,"href":"https:\/\/ironofficiel.com\/index.php?rest_route=%2Fwp%2Fv2%2Fcomments&post=274"}],"version-history":[{"count":13,"href":"https:\/\/ironofficiel.com\/index.php?rest_route=\/wp\/v2\/pages\/274\/revisions"}],"predecessor-version":[{"id":511,"href":"https:\/\/ironofficiel.com\/index.php?rest_route=\/wp\/v2\/pages\/274\/revisions\/511"}],"wp:attachment":[{"href":"https:\/\/ironofficiel.com\/index.php?rest_route=%2Fwp%2Fv2%2Fmedia&parent=274"}],"curies":[{"name":"wp","href":"https:\/\/api.w.org\/{rel}","templated":true}]}}