{"id":275,"date":"2024-02-04T10:43:26","date_gmt":"2024-02-04T10:43:26","guid":{"rendered":"https:\/\/ironofficiel.com\/?page_id=275"},"modified":"2025-01-06T21:00:46","modified_gmt":"2025-01-06T21:00:46","slug":"terms-of-use","status":"publish","type":"page","link":"https:\/\/ironofficiel.com\/?page_id=275","title":{"rendered":"Terms Of Use"},"content":{"rendered":"\t\t<div data-elementor-type=\"wp-page\" data-elementor-id=\"275\" class=\"elementor elementor-275\">\n\t\t\t\t<div class=\"elementor-element elementor-element-4ba0b804 e-con-full e-flex e-con e-parent\" data-id=\"4ba0b804\" data-element_type=\"container\" data-settings=\"{&quot;background_background&quot;:&quot;classic&quot;,&quot;ekit_has_onepagescroll_dot&quot;:&quot;yes&quot;}\">\n\t\t<div class=\"elementor-element elementor-element-482d0066 e-con-full e-flex e-con e-child\" data-id=\"482d0066\" data-element_type=\"container\" data-settings=\"{&quot;ekit_has_onepagescroll_dot&quot;:&quot;yes&quot;}\">\n\t\t\t\t<div class=\"elementor-element elementor-element-191e6b7d elementor-widget elementor-widget-image\" data-id=\"191e6b7d\" data-element_type=\"widget\" data-settings=\"{&quot;ekit_we_effect_on&quot;:&quot;none&quot;}\" data-widget_type=\"image.default\">\n\t\t\t\t<div class=\"elementor-widget-container\">\n\t\t\t\t\t\t\t\t\t\t\t\t\t\t\t\t<a href=\"https:\/\/ironofficiel.com\/\">\n\t\t\t\t\t\t\t<img fetchpriority=\"high\" decoding=\"async\" width=\"800\" height=\"800\" src=\"https:\/\/ironofficiel.com\/wp-content\/uploads\/2024\/02\/logo-atlas-iptv-1024x1024.png\" class=\"attachment-large size-large wp-image-135\" alt=\"\" srcset=\"https:\/\/ironofficiel.com\/wp-content\/uploads\/2024\/02\/logo-atlas-iptv-1024x1024.png 1024w, https:\/\/ironofficiel.com\/wp-content\/uploads\/2024\/02\/logo-atlas-iptv-300x300.png 300w, https:\/\/ironofficiel.com\/wp-content\/uploads\/2024\/02\/logo-atlas-iptv-150x150.png 150w, https:\/\/ironofficiel.com\/wp-content\/uploads\/2024\/02\/logo-atlas-iptv-768x768.png 768w, https:\/\/ironofficiel.com\/wp-content\/uploads\/2024\/02\/logo-atlas-iptv.png 1080w\" sizes=\"(max-width: 800px) 100vw, 800px\" \/>\t\t\t\t\t\t\t\t<\/a>\n\t\t\t\t\t\t\t\t\t\t\t\t\t\t\t<\/div>\n\t\t\t\t<\/div>\n\t\t\t\t<\/div>\n\t\t<div class=\"elementor-element elementor-element-374e695e e-con-full e-flex e-con e-child\" data-id=\"374e695e\" data-element_type=\"container\" data-settings=\"{&quot;ekit_has_onepagescroll_dot&quot;:&quot;yes&quot;}\">\n\t\t\t\t<div class=\"elementor-element elementor-element-765e64c1 elementor-widget elementor-widget-ekit-nav-menu\" data-id=\"765e64c1\" data-element_type=\"widget\" data-settings=\"{&quot;ekit_we_effect_on&quot;:&quot;none&quot;}\" data-widget_type=\"ekit-nav-menu.default\">\n\t\t\t\t<div class=\"elementor-widget-container\">\n\t\t\t\t\t\t\t<nav class=\"ekit-wid-con ekit_menu_responsive_tablet\" \n\t\t\tdata-hamburger-icon=\"\" \n\t\t\tdata-hamburger-icon-type=\"icon\" \n\t\t\tdata-responsive-breakpoint=\"1024\">\n\t\t\t            <button class=\"elementskit-menu-hamburger elementskit-menu-toggler\"  type=\"button\" aria-label=\"hamburger-icon\">\n                                    <span class=\"elementskit-menu-hamburger-icon\"><\/span><span class=\"elementskit-menu-hamburger-icon\"><\/span><span class=\"elementskit-menu-hamburger-icon\"><\/span>\n                            <\/button>\n            <div id=\"ekit-megamenu-m\" class=\"elementskit-menu-container elementskit-menu-offcanvas-elements elementskit-navbar-nav-default ekit-nav-menu-one-page-no ekit-nav-dropdown-hover\"><ul id=\"menu-m\" class=\"elementskit-navbar-nav elementskit-menu-po-left submenu-click-on-icon\"><li id=\"menu-item-137\" class=\"menu-item menu-item-type-custom menu-item-object-custom menu-item-home menu-item-137 nav-item elementskit-mobile-builder-content\" data-vertical-menu=750px><a href=\"https:\/\/ironofficiel.com\/\" class=\"ekit-menu-nav-link\">Home<\/a><\/li>\n<li id=\"menu-item-138\" class=\"menu-item menu-item-type-custom menu-item-object-custom menu-item-138 nav-item elementskit-mobile-builder-content\" data-vertical-menu=750px><a href=\"#IRON\" class=\"ekit-menu-nav-link\">IRON TV PRO<\/a><\/li>\n<li id=\"menu-item-139\" class=\"menu-item menu-item-type-custom menu-item-object-custom menu-item-139 nav-item elementskit-mobile-builder-content\" data-vertical-menu=750px><a href=\"#Tutorial\" class=\"ekit-menu-nav-link\">Tutorial<\/a><\/li>\n<li id=\"menu-item-140\" class=\"menu-item menu-item-type-custom menu-item-object-custom menu-item-140 nav-item elementskit-mobile-builder-content\" data-vertical-menu=750px><a href=\"#FAQ\" class=\"ekit-menu-nav-link\">FAQ<\/a><\/li>\n<li id=\"menu-item-141\" class=\"menu-item menu-item-type-custom menu-item-object-custom menu-item-141 nav-item elementskit-mobile-builder-content\" data-vertical-menu=750px><a href=\"#Contact\" class=\"ekit-menu-nav-link\">Contact Us<\/a><\/li>\n<\/ul><div class=\"elementskit-nav-identity-panel\"><button class=\"elementskit-menu-close elementskit-menu-toggler\" type=\"button\">X<\/button><\/div><\/div>\t\t\t\n\t\t\t<div class=\"elementskit-menu-overlay elementskit-menu-offcanvas-elements elementskit-menu-toggler ekit-nav-menu--overlay\"><\/div>        <\/nav>\n\t\t\t\t\t\t<\/div>\n\t\t\t\t<\/div>\n\t\t\t\t<\/div>\n\t\t\t\t<\/div>\n\t\t<div class=\"elementor-element elementor-element-4c28c63d e-flex e-con-boxed e-con e-parent\" data-id=\"4c28c63d\" data-element_type=\"container\" data-settings=\"{&quot;background_background&quot;:&quot;classic&quot;,&quot;ekit_has_onepagescroll_dot&quot;:&quot;yes&quot;}\">\n\t\t\t\t\t<div class=\"e-con-inner\">\n\t\t\t\t<div class=\"elementor-element elementor-element-4ad96a1c elementor-widget elementor-widget-heading\" data-id=\"4ad96a1c\" data-element_type=\"widget\" data-settings=\"{&quot;ekit_we_effect_on&quot;:&quot;none&quot;}\" data-widget_type=\"heading.default\">\n\t\t\t\t<div class=\"elementor-widget-container\">\n\t\t\t\t\t<h2 class=\"elementor-heading-title elementor-size-default\">Terms Of Use\n<\/h2>\t\t\t\t<\/div>\n\t\t\t\t<\/div>\n\t\t\t\t\t<\/div>\n\t\t\t\t<\/div>\n\t\t<div class=\"elementor-element elementor-element-1e2f88d1 e-flex e-con-boxed e-con e-parent\" data-id=\"1e2f88d1\" data-element_type=\"container\" data-settings=\"{&quot;ekit_has_onepagescroll_dot&quot;:&quot;yes&quot;}\">\n\t\t\t\t\t<div class=\"e-con-inner\">\n\t\t\t\t<div class=\"elementor-element elementor-element-4ade5f67 elementor-widget elementor-widget-text-editor\" data-id=\"4ade5f67\" data-element_type=\"widget\" data-settings=\"{&quot;ekit_we_effect_on&quot;:&quot;none&quot;}\" data-widget_type=\"text-editor.default\">\n\t\t\t\t<div class=\"elementor-widget-container\">\n\t\t\t\t\t\t\t\t\t<p><audio class=\"audio-for-speech\"><\/audio><\/p><div class=\"translate-tooltip-mtz blue sm-root translate hidden_translate\"><div class=\"header-wrapper\"><div class=\"header-controls\">\u00a0<\/div><\/div><\/div><p>Bienvenue sur <span style=\"font-weight: 400;\">irontvpro.fr<\/span>. Ces conditions d\u2019utilisation r\u00e9gissent votre utilisation de notre site Web, y compris tout contenu, fonctionnalit\u00e9s et services fournis via notre site Web. En utilisant <span style=\"font-weight: 400;\">irontvpro.fr<\/span>, vous acceptez d\u2019\u00eatre li\u00e9 par ces conditions d\u2019utilisation.<\/p><p>Utilisation du site Web<br \/>Vous ne pouvez utiliser <span style=\"font-weight: 400;\">irontvpro.fr<\/span> qu\u2019\u00e0 des fins licites et conform\u00e9ment aux pr\u00e9sentes conditions d\u2019utilisation. Vous ne devez pas utiliser notre site Web :<br \/>D\u2019une mani\u00e8re qui viole toute loi ou r\u00e9glementation f\u00e9d\u00e9rale, \u00e9tatique, locale ou internationale applicable.<br \/>S\u2019engager dans une conduite qui restreint ou emp\u00eache l\u2019utilisation ou la jouissance du site Web par quiconque, ou qui, selon notre d\u00e9termination, peut nuire \u00e0 <span style=\"font-weight: 400;\">irontvpro.fr<\/span> ou aux utilisateurs du site Web.<br \/>Pour s\u2019engager dans l\u2019exploration de donn\u00e9es, la collecte de donn\u00e9es ou toute autre activit\u00e9 similaire en relation avec notre site Web.<br \/>Droits de propri\u00e9t\u00e9 intellectuelle<br \/>Le contenu, les fonctionnalit\u00e9s et les services fournis via <span style=\"font-weight: 400;\">irontvpro.fr<\/span> , y compris, mais sans s\u2019y limiter, les textes, graphiques, images, logos, marques et logiciels, sont la propri\u00e9t\u00e9 d\u2019<span style=\"font-weight: 400;\">irontvpro.fr<\/span> ou de ses conc\u00e9dants et sont prot\u00e9g\u00e9s par le droit d\u2019auteur, la marque, et d\u2019autres lois sur la propri\u00e9t\u00e9 intellectuelle. Vous ne pouvez utiliser aucun contenu, fonctionnalit\u00e9 ou service de <span style=\"font-weight: 400;\">irontvpro.fr<\/span> \u00e0 des fins commerciales sans notre accord \u00e9crit pr\u00e9alable.<\/p><p>Contenu g\u00e9n\u00e9r\u00e9 par l\u2019utilisateur<br \/><span style=\"font-weight: 400;\">irontvpro.fr<\/span> peut permettre aux utilisateurs de soumettre ou de t\u00e9l\u00e9charger du contenu g\u00e9n\u00e9r\u00e9 par les utilisateurs, y compris, mais sans s\u2019y limiter, des commentaires, des r\u00e9actions, des critiques et des suggestions. En soumettant ou en t\u00e9l\u00e9chargeant du contenu g\u00e9n\u00e9r\u00e9 par l\u2019utilisateur, vous accordez \u00e0 <span style=\"font-weight: 400;\">irontvpro.fr<\/span> un droit non exclusif, libre de droits, perp\u00e9tuel, irr\u00e9vocable et enti\u00e8rement sous-licenciable d\u2019utiliser, de reproduire, de modifier, d\u2019adapter, de publier, de traduire, de cr\u00e9er des \u0153uvres d\u00e9riv\u00e9es, de distribuer , et afficher ce contenu g\u00e9n\u00e9r\u00e9 par les utilisateurs dans le monde entier sur n\u2019importe quel support.<\/p><p>Exclusion de garanties<br \/><span style=\"font-weight: 400;\">irontvpro.fr<\/span> est fourni \u201ctel quel\u201d et \u201ctel que disponible\u201d. Nous ne faisons aucune repr\u00e9sentation ou garantie d\u2019aucune sorte, expresse ou implicite, quant au fonctionnement de notre site Web ou aux informations, contenus, mat\u00e9riaux ou produits inclus sur notre site Web.<\/p><p>Limitation de responsabilit\u00e9<br \/>En aucun cas <span style=\"font-weight: 400;\">irontvpro.fr<\/span> , ses soci\u00e9t\u00e9s affili\u00e9es ou leurs dirigeants, administrateurs, employ\u00e9s, agents, conc\u00e9dants ou fournisseurs respectifs ne pourront \u00eatre tenus responsables de quelque dommage que ce soit, y compris, mais sans s\u2019y limiter, les dommages directs, indirects, accessoires, cons\u00e9cutifs, punitifs ou dommages exemplaires r\u00e9sultant de ou li\u00e9s \u00e0 l\u2019utilisation ou \u00e0 l\u2019impossibilit\u00e9 d\u2019utiliser notre site Web, m\u00eame si nous avons \u00e9t\u00e9 inform\u00e9s de la possibilit\u00e9 de tels dommages.<\/p><p>Droit applicable et juridiction<br \/>Les pr\u00e9sentes conditions d\u2019utilisation sont r\u00e9gies et interpr\u00e9t\u00e9es conform\u00e9ment aux lois fran\u00e7aises, sans donner effet \u00e0 aucun principe de conflit de lois. Toute poursuite, action ou proc\u00e9dure judiciaire d\u00e9coulant de ou li\u00e9e aux pr\u00e9sentes conditions d\u2019utilisation ou au site Web sera port\u00e9e exclusivement devant les tribunaux fran\u00e7ais.<\/p><p>Contactez-nous<br \/>Si vous avez des questions concernant les pr\u00e9sentes conditions d\u2019utilisation ou notre site Internet, veuillez nous contacter \u00e0 contact@<span style=\"font-weight: 400;\">irontvpro.f<\/span>r ou au +33 7 56 75 75 04. Vous pouvez \u00e9galement nous joindre par courrier au 30 Rue Katin, Paris, France.<\/p>\t\t\t\t\t\t\t\t<\/div>\n\t\t\t\t<\/div>\n\t\t\t\t\t<\/div>\n\t\t\t\t<\/div>\n\t\t<div class=\"elementor-element elementor-element-7cb549d9 e-con-full e-flex e-con e-parent\" data-id=\"7cb549d9\" data-element_type=\"container\" data-settings=\"{&quot;background_background&quot;:&quot;classic&quot;,&quot;ekit_has_onepagescroll_dot&quot;:&quot;yes&quot;}\">\n\t\t<div class=\"elementor-element elementor-element-2e9f6994 e-con-full e-flex e-con e-child\" data-id=\"2e9f6994\" data-element_type=\"container\" data-settings=\"{&quot;ekit_has_onepagescroll_dot&quot;:&quot;yes&quot;}\">\n\t\t\t\t<div class=\"elementor-element elementor-element-2e640e7e elementor-widget elementor-widget-image\" data-id=\"2e640e7e\" data-element_type=\"widget\" data-settings=\"{&quot;ekit_we_effect_on&quot;:&quot;none&quot;}\" data-widget_type=\"image.default\">\n\t\t\t\t<div class=\"elementor-widget-container\">\n\t\t\t\t\t\t\t\t\t\t\t\t\t\t\t<img fetchpriority=\"high\" decoding=\"async\" width=\"800\" height=\"800\" src=\"https:\/\/ironofficiel.com\/wp-content\/uploads\/2024\/02\/logo-atlas-iptv-1024x1024.png\" class=\"attachment-large size-large wp-image-135\" alt=\"\" srcset=\"https:\/\/ironofficiel.com\/wp-content\/uploads\/2024\/02\/logo-atlas-iptv-1024x1024.png 1024w, https:\/\/ironofficiel.com\/wp-content\/uploads\/2024\/02\/logo-atlas-iptv-300x300.png 300w, https:\/\/ironofficiel.com\/wp-content\/uploads\/2024\/02\/logo-atlas-iptv-150x150.png 150w, https:\/\/ironofficiel.com\/wp-content\/uploads\/2024\/02\/logo-atlas-iptv-768x768.png 768w, https:\/\/ironofficiel.com\/wp-content\/uploads\/2024\/02\/logo-atlas-iptv.png 1080w\" sizes=\"(max-width: 800px) 100vw, 800px\" \/>\t\t\t\t\t\t\t\t\t\t\t\t\t\t\t<\/div>\n\t\t\t\t<\/div>\n\t\t\t\t<\/div>\n\t\t<div class=\"elementor-element elementor-element-cb15645 e-con-full e-flex e-con e-child\" data-id=\"cb15645\" data-element_type=\"container\" data-settings=\"{&quot;ekit_has_onepagescroll_dot&quot;:&quot;yes&quot;}\">\n\t\t\t\t<div class=\"elementor-element elementor-element-3d8617d6 elementor-widget elementor-widget-heading\" data-id=\"3d8617d6\" data-element_type=\"widget\" data-settings=\"{&quot;ekit_we_effect_on&quot;:&quot;none&quot;}\" data-widget_type=\"heading.default\">\n\t\t\t\t<div class=\"elementor-widget-container\">\n\t\t\t\t\t<h2 class=\"elementor-heading-title elementor-size-default\">Informations\n<\/h2>\t\t\t\t<\/div>\n\t\t\t\t<\/div>\n\t\t\t\t<div class=\"elementor-element elementor-element-45a2f876 elementor-icon-list--layout-traditional elementor-list-item-link-full_width elementor-widget elementor-widget-icon-list\" data-id=\"45a2f876\" data-element_type=\"widget\" data-settings=\"{&quot;ekit_we_effect_on&quot;:&quot;none&quot;}\" data-widget_type=\"icon-list.default\">\n\t\t\t\t<div class=\"elementor-widget-container\">\n\t\t\t\t\t\t\t<ul class=\"elementor-icon-list-items\">\n\t\t\t\t\t\t\t<li class=\"elementor-icon-list-item\">\n\t\t\t\t\t\t\t\t\t\t<span class=\"elementor-icon-list-text\">GDPR Policy<\/span>\n\t\t\t\t\t\t\t\t\t<\/li>\n\t\t\t\t\t\t\t\t<li class=\"elementor-icon-list-item\">\n\t\t\t\t\t\t\t\t\t\t<span class=\"elementor-icon-list-text\">privacy policy<\/span>\n\t\t\t\t\t\t\t\t\t<\/li>\n\t\t\t\t\t\t\t\t<li class=\"elementor-icon-list-item\">\n\t\t\t\t\t\t\t\t\t\t<span class=\"elementor-icon-list-text\">refund policy<\/span>\n\t\t\t\t\t\t\t\t\t<\/li>\n\t\t\t\t\t\t\t\t<li class=\"elementor-icon-list-item\">\n\t\t\t\t\t\t\t\t\t\t<span class=\"elementor-icon-list-text\">Terms Of Use<\/span>\n\t\t\t\t\t\t\t\t\t<\/li>\n\t\t\t\t\t\t<\/ul>\n\t\t\t\t\t\t<\/div>\n\t\t\t\t<\/div>\n\t\t\t\t<\/div>\n\t\t\t\t<\/div>\n\t\t<div class=\"elementor-element elementor-element-54edba71 e-con-full e-flex e-con e-parent\" data-id=\"54edba71\" data-element_type=\"container\" data-settings=\"{&quot;background_background&quot;:&quot;classic&quot;,&quot;ekit_has_onepagescroll_dot&quot;:&quot;yes&quot;}\">\n\t\t\t\t<div class=\"elementor-element elementor-element-742807dc elementor-widget-divider--view-line elementor-widget elementor-widget-divider\" data-id=\"742807dc\" data-element_type=\"widget\" data-settings=\"{&quot;ekit_we_effect_on&quot;:&quot;none&quot;}\" data-widget_type=\"divider.default\">\n\t\t\t\t<div class=\"elementor-widget-container\">\n\t\t\t\t\t\t\t<div class=\"elementor-divider\">\n\t\t\t<span class=\"elementor-divider-separator\">\n\t\t\t\t\t\t<\/span>\n\t\t<\/div>\n\t\t\t\t\t\t<\/div>\n\t\t\t\t<\/div>\n\t\t\t\t<\/div>\n\t\t<div class=\"elementor-element elementor-element-23573773 e-con-full e-flex e-con e-parent\" data-id=\"23573773\" data-element_type=\"container\" data-settings=\"{&quot;background_background&quot;:&quot;classic&quot;,&quot;ekit_has_onepagescroll_dot&quot;:&quot;yes&quot;}\">\n\t\t\t\t<div class=\"elementor-element elementor-element-18b6be86 elementor-widget elementor-widget-text-editor\" data-id=\"18b6be86\" data-element_type=\"widget\" data-settings=\"{&quot;ekit_we_effect_on&quot;:&quot;none&quot;}\" data-widget_type=\"text-editor.default\">\n\t\t\t\t<div class=\"elementor-widget-container\">\n\t\t\t\t\t\t\t\t\t<p>Copyright \u00a9 Atlas PRO All rights reserved<\/p>\t\t\t\t\t\t\t\t<\/div>\n\t\t\t\t<\/div>\n\t\t\t\t<\/div>\n\t\t\t\t<\/div>\n\t\t","protected":false},"excerpt":{"rendered":"<p>Home IRON TV PRO Tutorial FAQ Contact Us X Terms Of Use \u00a0 Bienvenue sur irontvpro.fr. Ces conditions d\u2019utilisation r\u00e9gissent votre utilisation de notre site Web, y compris tout contenu, fonctionnalit\u00e9s et services fournis via notre site Web. En utilisant irontvpro.fr, vous acceptez d\u2019\u00eatre li\u00e9 par ces conditions d\u2019utilisation. Utilisation du site WebVous ne pouvez [&hellip;]<\/p>\n","protected":false},"author":1,"featured_media":0,"parent":0,"menu_order":0,"comment_status":"closed","ping_status":"closed","template":"elementor_canvas","meta":{"_joinchat":[],"footnotes":""},"class_list":["post-275","page","type-page","status-publish","hentry"],"_links":{"self":[{"href":"https:\/\/ironofficiel.com\/index.php?rest_route=\/wp\/v2\/pages\/275","targetHints":{"allow":["GET"]}}],"collection":[{"href":"https:\/\/ironofficiel.com\/index.php?rest_route=\/wp\/v2\/pages"}],"about":[{"href":"https:\/\/ironofficiel.com\/index.php?rest_route=\/wp\/v2\/types\/page"}],"author":[{"embeddable":true,"href":"https:\/\/ironofficiel.com\/index.php?rest_route=\/wp\/v2\/users\/1"}],"replies":[{"embeddable":true,"href":"https:\/\/ironofficiel.com\/index.php?rest_route=%2Fwp%2Fv2%2Fcomments&post=275"}],"version-history":[{"count":9,"href":"https:\/\/ironofficiel.com\/index.php?rest_route=\/wp\/v2\/pages\/275\/revisions"}],"predecessor-version":[{"id":520,"href":"https:\/\/ironofficiel.com\/index.php?rest_route=\/wp\/v2\/pages\/275\/revisions\/520"}],"wp:attachment":[{"href":"https:\/\/ironofficiel.com\/index.php?rest_route=%2Fwp%2Fv2%2Fmedia&parent=275"}],"curies":[{"name":"wp","href":"https:\/\/api.w.org\/{rel}","templated":true}]}}