{"id":276,"date":"2024-02-04T10:38:55","date_gmt":"2024-02-04T10:38:55","guid":{"rendered":"https:\/\/ironofficiel.com\/?page_id=276"},"modified":"2025-01-06T20:53:50","modified_gmt":"2025-01-06T20:53:50","slug":"privacy-policy-2","status":"publish","type":"page","link":"https:\/\/ironofficiel.com\/?page_id=276","title":{"rendered":"Privacy policy"},"content":{"rendered":"\t\t<div data-elementor-type=\"wp-page\" data-elementor-id=\"276\" class=\"elementor elementor-276\">\n\t\t\t\t<div class=\"elementor-element elementor-element-7e86d1c6 e-con-full e-flex e-con e-parent\" data-id=\"7e86d1c6\" data-element_type=\"container\" data-settings=\"{&quot;background_background&quot;:&quot;classic&quot;,&quot;ekit_has_onepagescroll_dot&quot;:&quot;yes&quot;}\">\n\t\t<div class=\"elementor-element elementor-element-1c0a12a8 e-con-full e-flex e-con e-child\" data-id=\"1c0a12a8\" data-element_type=\"container\" data-settings=\"{&quot;ekit_has_onepagescroll_dot&quot;:&quot;yes&quot;}\">\n\t\t\t\t<div class=\"elementor-element elementor-element-d6c1f29 elementor-widget elementor-widget-image\" data-id=\"d6c1f29\" data-element_type=\"widget\" data-settings=\"{&quot;ekit_we_effect_on&quot;:&quot;none&quot;}\" data-widget_type=\"image.default\">\n\t\t\t\t<div class=\"elementor-widget-container\">\n\t\t\t\t\t\t\t\t\t\t\t\t\t\t\t\t<a href=\"https:\/\/ironofficiel.com\/\">\n\t\t\t\t\t\t\t<img fetchpriority=\"high\" decoding=\"async\" width=\"800\" height=\"800\" src=\"https:\/\/ironofficiel.com\/wp-content\/uploads\/2024\/02\/logo-atlas-iptv-1024x1024.png\" class=\"attachment-large size-large wp-image-135\" alt=\"\" srcset=\"https:\/\/ironofficiel.com\/wp-content\/uploads\/2024\/02\/logo-atlas-iptv-1024x1024.png 1024w, https:\/\/ironofficiel.com\/wp-content\/uploads\/2024\/02\/logo-atlas-iptv-300x300.png 300w, https:\/\/ironofficiel.com\/wp-content\/uploads\/2024\/02\/logo-atlas-iptv-150x150.png 150w, https:\/\/ironofficiel.com\/wp-content\/uploads\/2024\/02\/logo-atlas-iptv-768x768.png 768w, https:\/\/ironofficiel.com\/wp-content\/uploads\/2024\/02\/logo-atlas-iptv.png 1080w\" sizes=\"(max-width: 800px) 100vw, 800px\" \/>\t\t\t\t\t\t\t\t<\/a>\n\t\t\t\t\t\t\t\t\t\t\t\t\t\t\t<\/div>\n\t\t\t\t<\/div>\n\t\t\t\t<\/div>\n\t\t<div class=\"elementor-element elementor-element-7c4c9739 e-con-full e-flex e-con e-child\" data-id=\"7c4c9739\" data-element_type=\"container\" data-settings=\"{&quot;ekit_has_onepagescroll_dot&quot;:&quot;yes&quot;}\">\n\t\t\t\t<div class=\"elementor-element elementor-element-4dc5f8ef elementor-widget elementor-widget-ekit-nav-menu\" data-id=\"4dc5f8ef\" data-element_type=\"widget\" data-settings=\"{&quot;ekit_we_effect_on&quot;:&quot;none&quot;}\" data-widget_type=\"ekit-nav-menu.default\">\n\t\t\t\t<div class=\"elementor-widget-container\">\n\t\t\t\t\t\t\t<nav class=\"ekit-wid-con ekit_menu_responsive_tablet\" \n\t\t\tdata-hamburger-icon=\"\" \n\t\t\tdata-hamburger-icon-type=\"icon\" \n\t\t\tdata-responsive-breakpoint=\"1024\">\n\t\t\t            <button class=\"elementskit-menu-hamburger elementskit-menu-toggler\"  type=\"button\" aria-label=\"hamburger-icon\">\n                                    <span class=\"elementskit-menu-hamburger-icon\"><\/span><span class=\"elementskit-menu-hamburger-icon\"><\/span><span class=\"elementskit-menu-hamburger-icon\"><\/span>\n                            <\/button>\n            <div id=\"ekit-megamenu-m\" class=\"elementskit-menu-container elementskit-menu-offcanvas-elements elementskit-navbar-nav-default ekit-nav-menu-one-page-no ekit-nav-dropdown-hover\"><ul id=\"menu-m\" class=\"elementskit-navbar-nav elementskit-menu-po-left submenu-click-on-icon\"><li id=\"menu-item-137\" class=\"menu-item menu-item-type-custom menu-item-object-custom menu-item-home menu-item-137 nav-item elementskit-mobile-builder-content\" data-vertical-menu=750px><a href=\"https:\/\/ironofficiel.com\/\" class=\"ekit-menu-nav-link\">Home<\/a><\/li>\n<li id=\"menu-item-138\" class=\"menu-item menu-item-type-custom menu-item-object-custom menu-item-138 nav-item elementskit-mobile-builder-content\" data-vertical-menu=750px><a href=\"#IRON\" class=\"ekit-menu-nav-link\">IRON TV PRO<\/a><\/li>\n<li id=\"menu-item-139\" class=\"menu-item menu-item-type-custom menu-item-object-custom menu-item-139 nav-item elementskit-mobile-builder-content\" data-vertical-menu=750px><a href=\"#Tutorial\" class=\"ekit-menu-nav-link\">Tutorial<\/a><\/li>\n<li id=\"menu-item-140\" class=\"menu-item menu-item-type-custom menu-item-object-custom menu-item-140 nav-item elementskit-mobile-builder-content\" data-vertical-menu=750px><a href=\"#FAQ\" class=\"ekit-menu-nav-link\">FAQ<\/a><\/li>\n<li id=\"menu-item-141\" class=\"menu-item menu-item-type-custom menu-item-object-custom menu-item-141 nav-item elementskit-mobile-builder-content\" data-vertical-menu=750px><a href=\"#Contact\" class=\"ekit-menu-nav-link\">Contact Us<\/a><\/li>\n<\/ul><div class=\"elementskit-nav-identity-panel\"><button class=\"elementskit-menu-close elementskit-menu-toggler\" type=\"button\">X<\/button><\/div><\/div>\t\t\t\n\t\t\t<div class=\"elementskit-menu-overlay elementskit-menu-offcanvas-elements elementskit-menu-toggler ekit-nav-menu--overlay\"><\/div>        <\/nav>\n\t\t\t\t\t\t<\/div>\n\t\t\t\t<\/div>\n\t\t\t\t<\/div>\n\t\t\t\t<\/div>\n\t\t<div class=\"elementor-element elementor-element-7407eee3 e-flex e-con-boxed e-con e-parent\" data-id=\"7407eee3\" data-element_type=\"container\" data-settings=\"{&quot;background_background&quot;:&quot;classic&quot;,&quot;ekit_has_onepagescroll_dot&quot;:&quot;yes&quot;}\">\n\t\t\t\t\t<div class=\"e-con-inner\">\n\t\t\t\t<div class=\"elementor-element elementor-element-5477430d elementor-widget elementor-widget-heading\" data-id=\"5477430d\" data-element_type=\"widget\" data-settings=\"{&quot;ekit_we_effect_on&quot;:&quot;none&quot;}\" data-widget_type=\"heading.default\">\n\t\t\t\t<div class=\"elementor-widget-container\">\n\t\t\t\t\t<h2 class=\"elementor-heading-title elementor-size-default\">privacy policy\n<\/h2>\t\t\t\t<\/div>\n\t\t\t\t<\/div>\n\t\t\t\t\t<\/div>\n\t\t\t\t<\/div>\n\t\t<div class=\"elementor-element elementor-element-78eb2bf0 e-flex e-con-boxed e-con e-parent\" data-id=\"78eb2bf0\" data-element_type=\"container\" data-settings=\"{&quot;ekit_has_onepagescroll_dot&quot;:&quot;yes&quot;}\">\n\t\t\t\t\t<div class=\"e-con-inner\">\n\t\t\t\t<div class=\"elementor-element elementor-element-43124390 elementor-widget elementor-widget-text-editor\" data-id=\"43124390\" data-element_type=\"widget\" data-settings=\"{&quot;ekit_we_effect_on&quot;:&quot;none&quot;}\" data-widget_type=\"text-editor.default\">\n\t\t\t\t<div class=\"elementor-widget-container\">\n\t\t\t\t\t\t\t\t\t<p><audio class=\"audio-for-speech\"><\/audio><\/p><div class=\"translate-tooltip-mtz blue sm-root translate hidden_translate\"><div class=\"header-wrapper\"><div class=\"header-controls\">\u00a0<\/div><\/div><\/div><p>Politique de confidentialit\u00e9 pour irontvpro.fr<\/p><p>Nous sommes engag\u00e9s \u00e0 prot\u00e9ger votre vie priv\u00e9e en ligne. Cette politique de confidentialit\u00e9 explique comment nous collectons, utilisons et prot\u00e9geons vos informations personnelles lorsque vous visitez notre site Web https:\/\/ironofficiel.com<\/p><p>Collecte d\u2019informations<br \/>Nous collectons des informations personnelles telles que votre nom, votre adresse e-mail, votre adresse postale et votre num\u00e9ro de t\u00e9l\u00e9phone lorsque vous remplissez un formulaire sur notre site Web ou que vous nous contactez directement par e-mail ou par t\u00e9l\u00e9phone.<\/p><p>Nous collectons \u00e9galement des informations sur votre utilisation de notre site Web, telles que votre adresse IP, votre type de navigateur et vos pr\u00e9f\u00e9rences de langue.<\/p><p>Utilisation des informations<br \/>Nous utilisons vos informations personnelles pour communiquer avec vous, r\u00e9pondre \u00e0 vos demandes et am\u00e9liorer notre site Web et nos services.<\/p><p>Nous pouvons \u00e9galement utiliser vos informations pour vous envoyer des communications promotionnelles ou des offres sp\u00e9ciales par e-mail ou par t\u00e9l\u00e9phone, si vous avez donn\u00e9 votre consentement pr\u00e9alable.<\/p><p>Protection des informations<br \/>Nous prenons des mesures de s\u00e9curit\u00e9 raisonnables pour prot\u00e9ger vos informations personnelles contre l\u2019acc\u00e8s non autoris\u00e9, la divulgation ou la modification.<\/p><p>Nous ne partageons pas vos informations personnelles avec des tiers, sauf si cela est n\u00e9cessaire pour r\u00e9pondre \u00e0 une demande de service ou si cela est requis par la loi.<\/p><p>Cookies<br \/>Nous utilisons des cookies pour am\u00e9liorer votre exp\u00e9rience de navigation sur notre site Web. Les cookies sont de petits fichiers texte stock\u00e9s sur votre appareil qui nous permettent de reconna\u00eetre votre navigateur et de vous fournir des fonctionnalit\u00e9s personnalis\u00e9es.<\/p><p>Vous pouvez d\u00e9sactiver les cookies dans les param\u00e8tres de votre navigateur, mais cela peut affecter certaines fonctionnalit\u00e9s de notre site Web.<\/p><p>Modification de la politique de confidentialit\u00e9<br \/>Nous nous r\u00e9servons le droit de modifier cette politique de confidentialit\u00e9 \u00e0 tout moment. Nous vous informerons des modifications apport\u00e9es en affichant la nouvelle politique sur notre site Web.<\/p><p>Contactez-nous<br \/>Si vous avez des questions ou des pr\u00e9occupations concernant notre politique de confidentialit\u00e9, veuillez nous contacter \u00e0 l\u2019adresse e-mail suivante : contact@ironofficiel.com<\/p>\t\t\t\t\t\t\t\t<\/div>\n\t\t\t\t<\/div>\n\t\t\t\t\t<\/div>\n\t\t\t\t<\/div>\n\t\t<div class=\"elementor-element elementor-element-471c22a4 e-con-full e-flex e-con e-parent\" data-id=\"471c22a4\" data-element_type=\"container\" data-settings=\"{&quot;background_background&quot;:&quot;classic&quot;,&quot;ekit_has_onepagescroll_dot&quot;:&quot;yes&quot;}\">\n\t\t<div class=\"elementor-element elementor-element-c82e38d e-con-full e-flex e-con e-child\" data-id=\"c82e38d\" data-element_type=\"container\" data-settings=\"{&quot;ekit_has_onepagescroll_dot&quot;:&quot;yes&quot;}\">\n\t\t\t\t<div class=\"elementor-element elementor-element-476243ce elementor-widget elementor-widget-image\" data-id=\"476243ce\" data-element_type=\"widget\" data-settings=\"{&quot;ekit_we_effect_on&quot;:&quot;none&quot;}\" data-widget_type=\"image.default\">\n\t\t\t\t<div class=\"elementor-widget-container\">\n\t\t\t\t\t\t\t\t\t\t\t\t\t\t\t<img fetchpriority=\"high\" decoding=\"async\" width=\"800\" height=\"800\" src=\"https:\/\/ironofficiel.com\/wp-content\/uploads\/2024\/02\/logo-atlas-iptv-1024x1024.png\" class=\"attachment-large size-large wp-image-135\" alt=\"\" srcset=\"https:\/\/ironofficiel.com\/wp-content\/uploads\/2024\/02\/logo-atlas-iptv-1024x1024.png 1024w, https:\/\/ironofficiel.com\/wp-content\/uploads\/2024\/02\/logo-atlas-iptv-300x300.png 300w, https:\/\/ironofficiel.com\/wp-content\/uploads\/2024\/02\/logo-atlas-iptv-150x150.png 150w, https:\/\/ironofficiel.com\/wp-content\/uploads\/2024\/02\/logo-atlas-iptv-768x768.png 768w, https:\/\/ironofficiel.com\/wp-content\/uploads\/2024\/02\/logo-atlas-iptv.png 1080w\" sizes=\"(max-width: 800px) 100vw, 800px\" \/>\t\t\t\t\t\t\t\t\t\t\t\t\t\t\t<\/div>\n\t\t\t\t<\/div>\n\t\t\t\t<\/div>\n\t\t<div class=\"elementor-element elementor-element-180688f2 e-con-full e-flex e-con e-child\" data-id=\"180688f2\" data-element_type=\"container\" data-settings=\"{&quot;ekit_has_onepagescroll_dot&quot;:&quot;yes&quot;}\">\n\t\t\t\t<div class=\"elementor-element elementor-element-6d429caf elementor-widget elementor-widget-heading\" data-id=\"6d429caf\" data-element_type=\"widget\" data-settings=\"{&quot;ekit_we_effect_on&quot;:&quot;none&quot;}\" data-widget_type=\"heading.default\">\n\t\t\t\t<div class=\"elementor-widget-container\">\n\t\t\t\t\t<h2 class=\"elementor-heading-title elementor-size-default\">Informations\n<\/h2>\t\t\t\t<\/div>\n\t\t\t\t<\/div>\n\t\t\t\t<div class=\"elementor-element elementor-element-525739bb elementor-icon-list--layout-traditional elementor-list-item-link-full_width elementor-widget elementor-widget-icon-list\" data-id=\"525739bb\" data-element_type=\"widget\" data-settings=\"{&quot;ekit_we_effect_on&quot;:&quot;none&quot;}\" data-widget_type=\"icon-list.default\">\n\t\t\t\t<div class=\"elementor-widget-container\">\n\t\t\t\t\t\t\t<ul class=\"elementor-icon-list-items\">\n\t\t\t\t\t\t\t<li class=\"elementor-icon-list-item\">\n\t\t\t\t\t\t\t\t\t\t<span class=\"elementor-icon-list-text\">GDPR Policy<\/span>\n\t\t\t\t\t\t\t\t\t<\/li>\n\t\t\t\t\t\t\t\t<li class=\"elementor-icon-list-item\">\n\t\t\t\t\t\t\t\t\t\t<span class=\"elementor-icon-list-text\">privacy policy<\/span>\n\t\t\t\t\t\t\t\t\t<\/li>\n\t\t\t\t\t\t\t\t<li class=\"elementor-icon-list-item\">\n\t\t\t\t\t\t\t\t\t\t<span class=\"elementor-icon-list-text\">refund policy<\/span>\n\t\t\t\t\t\t\t\t\t<\/li>\n\t\t\t\t\t\t\t\t<li class=\"elementor-icon-list-item\">\n\t\t\t\t\t\t\t\t\t\t<span class=\"elementor-icon-list-text\">Terms Of Use<\/span>\n\t\t\t\t\t\t\t\t\t<\/li>\n\t\t\t\t\t\t<\/ul>\n\t\t\t\t\t\t<\/div>\n\t\t\t\t<\/div>\n\t\t\t\t<\/div>\n\t\t\t\t<\/div>\n\t\t<div class=\"elementor-element elementor-element-14d03035 e-con-full e-flex e-con e-parent\" data-id=\"14d03035\" data-element_type=\"container\" data-settings=\"{&quot;background_background&quot;:&quot;classic&quot;,&quot;ekit_has_onepagescroll_dot&quot;:&quot;yes&quot;}\">\n\t\t\t\t<div class=\"elementor-element elementor-element-61babbca elementor-widget-divider--view-line elementor-widget elementor-widget-divider\" data-id=\"61babbca\" data-element_type=\"widget\" data-settings=\"{&quot;ekit_we_effect_on&quot;:&quot;none&quot;}\" data-widget_type=\"divider.default\">\n\t\t\t\t<div class=\"elementor-widget-container\">\n\t\t\t\t\t\t\t<div class=\"elementor-divider\">\n\t\t\t<span class=\"elementor-divider-separator\">\n\t\t\t\t\t\t<\/span>\n\t\t<\/div>\n\t\t\t\t\t\t<\/div>\n\t\t\t\t<\/div>\n\t\t\t\t<\/div>\n\t\t<div class=\"elementor-element elementor-element-612e52e0 e-con-full e-flex e-con e-parent\" data-id=\"612e52e0\" data-element_type=\"container\" data-settings=\"{&quot;background_background&quot;:&quot;classic&quot;,&quot;ekit_has_onepagescroll_dot&quot;:&quot;yes&quot;}\">\n\t\t\t\t<div class=\"elementor-element elementor-element-17e5a570 elementor-widget elementor-widget-text-editor\" data-id=\"17e5a570\" data-element_type=\"widget\" data-settings=\"{&quot;ekit_we_effect_on&quot;:&quot;none&quot;}\" data-widget_type=\"text-editor.default\">\n\t\t\t\t<div class=\"elementor-widget-container\">\n\t\t\t\t\t\t\t\t\t<p>Copyright \u00a9 Atlas PRO All rights reserved<\/p>\t\t\t\t\t\t\t\t<\/div>\n\t\t\t\t<\/div>\n\t\t\t\t<\/div>\n\t\t\t\t<\/div>\n\t\t","protected":false},"excerpt":{"rendered":"<p>Home IRON TV PRO Tutorial FAQ Contact Us X privacy policy \u00a0 Politique de confidentialit\u00e9 pour irontvpro.fr Nous sommes engag\u00e9s \u00e0 prot\u00e9ger votre vie priv\u00e9e en ligne. Cette politique de confidentialit\u00e9 explique comment nous collectons, utilisons et prot\u00e9geons vos informations personnelles lorsque vous visitez notre site Web https:\/\/ironofficiel.com Collecte d\u2019informationsNous collectons des informations personnelles telles [&hellip;]<\/p>\n","protected":false},"author":1,"featured_media":0,"parent":0,"menu_order":0,"comment_status":"closed","ping_status":"closed","template":"elementor_canvas","meta":{"_joinchat":[],"footnotes":""},"class_list":["post-276","page","type-page","status-publish","hentry"],"_links":{"self":[{"href":"https:\/\/ironofficiel.com\/index.php?rest_route=\/wp\/v2\/pages\/276","targetHints":{"allow":["GET"]}}],"collection":[{"href":"https:\/\/ironofficiel.com\/index.php?rest_route=\/wp\/v2\/pages"}],"about":[{"href":"https:\/\/ironofficiel.com\/index.php?rest_route=\/wp\/v2\/types\/page"}],"author":[{"embeddable":true,"href":"https:\/\/ironofficiel.com\/index.php?rest_route=\/wp\/v2\/users\/1"}],"replies":[{"embeddable":true,"href":"https:\/\/ironofficiel.com\/index.php?rest_route=%2Fwp%2Fv2%2Fcomments&post=276"}],"version-history":[{"count":13,"href":"https:\/\/ironofficiel.com\/index.php?rest_route=\/wp\/v2\/pages\/276\/revisions"}],"predecessor-version":[{"id":514,"href":"https:\/\/ironofficiel.com\/index.php?rest_route=\/wp\/v2\/pages\/276\/revisions\/514"}],"wp:attachment":[{"href":"https:\/\/ironofficiel.com\/index.php?rest_route=%2Fwp%2Fv2%2Fmedia&parent=276"}],"curies":[{"name":"wp","href":"https:\/\/api.w.org\/{rel}","templated":true}]}}